{"id":3368,"date":"2022-03-18T15:54:37","date_gmt":"2022-03-18T15:54:37","guid":{"rendered":"https:\/\/digicrac.com\/?page_id=3368"},"modified":"2022-03-18T15:54:37","modified_gmt":"2022-03-18T15:54:37","slug":"maquillage-bio-etude-demo-digital-evaluation","status":"publish","type":"page","link":"https:\/\/digicrac.com\/fr\/maquillage-bio-etude-demo-digital-evaluation\/","title":{"rendered":"Digital Evaluation Etude d\u00e9mo Maquillage Bio"},"content":{"rendered":"<div id=\"dslc-theme-content\"><div id=\"dslc-theme-content-inner\"><\/div><\/div>","protected":false},"excerpt":{"rendered":"","protected":false},"author":5,"featured_media":0,"parent":0,"menu_order":0,"comment_status":"closed","ping_status":"closed","template":"","meta":{"_acf_changed":false,"footnotes":""},"class_list":["post-3368","page","type-page","status-publish","hentry"],"acf":[],"yoast_head":"<!-- This site is optimized with the Yoast SEO plugin v27.3 - https:\/\/yoast.com\/product\/yoast-seo-wordpress\/ -->\n<title>Maquillage Bio Etude d\u00e9mo- Digital Evaluation - Digicrac<\/title>\n<meta name=\"description\" content=\"Maquillage bio - \u00e9tude d\u00e9mo Digital Evaluation - Etude de march\u00e9 digitale \u00e0 partir des recherches des consommateurs sur Google France - 2020 - Anne-Marie Urrutia Dumas Digicrac\" \/>\n<meta name=\"robots\" content=\"noindex, nofollow\" \/>\n<meta property=\"og:locale\" content=\"fr_FR\" \/>\n<meta property=\"og:type\" content=\"article\" \/>\n<meta property=\"og:title\" content=\"Maquillage Bio Etude d\u00e9mo- Digital Evaluation - Digicrac\" \/>\n<meta property=\"og:description\" content=\"Maquillage bio - \u00e9tude d\u00e9mo Digital Evaluation - Etude de march\u00e9 digitale \u00e0 partir des recherches des consommateurs sur Google France - 2020 - Anne-Marie Urrutia Dumas Digicrac\" \/>\n<meta property=\"og:url\" content=\"https:\/\/digicrac.com\/fr\/maquillage-bio-etude-demo-digital-evaluation\/\" \/>\n<meta property=\"og:site_name\" content=\"DIGICRAC\" \/>\n<meta name=\"twitter:card\" content=\"summary_large_image\" \/>\n<script type=\"application\/ld+json\" class=\"yoast-schema-graph\">{\"@context\":\"https:\\\/\\\/schema.org\",\"@graph\":[{\"@type\":\"WebPage\",\"@id\":\"https:\\\/\\\/digicrac.com\\\/fr\\\/maquillage-bio-etude-demo-digital-evaluation\\\/\",\"url\":\"https:\\\/\\\/digicrac.com\\\/fr\\\/maquillage-bio-etude-demo-digital-evaluation\\\/\",\"name\":\"Maquillage Bio Etude d\u00e9mo- Digital Evaluation - Digicrac\",\"isPartOf\":{\"@id\":\"https:\\\/\\\/digicrac.com\\\/fr\\\/#website\"},\"datePublished\":\"2022-03-18T15:54:37+00:00\",\"description\":\"Maquillage bio - \u00e9tude d\u00e9mo Digital Evaluation - Etude de march\u00e9 digitale \u00e0 partir des recherches des consommateurs sur Google France - 2020 - Anne-Marie Urrutia Dumas Digicrac\",\"breadcrumb\":{\"@id\":\"https:\\\/\\\/digicrac.com\\\/fr\\\/maquillage-bio-etude-demo-digital-evaluation\\\/#breadcrumb\"},\"inLanguage\":\"fr-FR\",\"potentialAction\":[{\"@type\":\"ReadAction\",\"target\":[\"https:\\\/\\\/digicrac.com\\\/fr\\\/maquillage-bio-etude-demo-digital-evaluation\\\/\"]}]},{\"@type\":\"BreadcrumbList\",\"@id\":\"https:\\\/\\\/digicrac.com\\\/fr\\\/maquillage-bio-etude-demo-digital-evaluation\\\/#breadcrumb\",\"itemListElement\":[{\"@type\":\"ListItem\",\"position\":1,\"name\":\"Home\",\"item\":\"https:\\\/\\\/digicrac.com\\\/fr\\\/\"},{\"@type\":\"ListItem\",\"position\":2,\"name\":\"Digital Evaluation Etude d\u00e9mo Maquillage Bio\"}]},{\"@type\":\"WebSite\",\"@id\":\"https:\\\/\\\/digicrac.com\\\/fr\\\/#website\",\"url\":\"https:\\\/\\\/digicrac.com\\\/fr\\\/\",\"name\":\"DIGICRAC\",\"description\":\"Agence de marketing digital\",\"publisher\":{\"@id\":\"https:\\\/\\\/digicrac.com\\\/fr\\\/#organization\"},\"potentialAction\":[{\"@type\":\"SearchAction\",\"target\":{\"@type\":\"EntryPoint\",\"urlTemplate\":\"https:\\\/\\\/digicrac.com\\\/fr\\\/?s={search_term_string}\"},\"query-input\":{\"@type\":\"PropertyValueSpecification\",\"valueRequired\":true,\"valueName\":\"search_term_string\"}}],\"inLanguage\":\"fr-FR\"},{\"@type\":\"Organization\",\"@id\":\"https:\\\/\\\/digicrac.com\\\/fr\\\/#organization\",\"name\":\"DIGICRAC\",\"url\":\"https:\\\/\\\/digicrac.com\\\/fr\\\/\",\"logo\":{\"@type\":\"ImageObject\",\"inLanguage\":\"fr-FR\",\"@id\":\"https:\\\/\\\/digicrac.com\\\/fr\\\/#\\\/schema\\\/logo\\\/image\\\/\",\"url\":\"https:\\\/\\\/digicrac.com\\\/wp-content\\\/uploads\\\/LINKEDIN-LOGO-DIGICRAC-2018-BLANCO.jpg\",\"contentUrl\":\"https:\\\/\\\/digicrac.com\\\/wp-content\\\/uploads\\\/LINKEDIN-LOGO-DIGICRAC-2018-BLANCO.jpg\",\"width\":400,\"height\":400,\"caption\":\"DIGICRAC\"},\"image\":{\"@id\":\"https:\\\/\\\/digicrac.com\\\/fr\\\/#\\\/schema\\\/logo\\\/image\\\/\"}}]}<\/script>\n<!-- \/ Yoast SEO plugin. -->","yoast_head_json":{"title":"Maquillage Bio Etude d\u00e9mo- Digital Evaluation - Digicrac","description":"Maquillage bio - \u00e9tude d\u00e9mo Digital Evaluation - Etude de march\u00e9 digitale \u00e0 partir des recherches des consommateurs sur Google France - 2020 - Anne-Marie Urrutia Dumas Digicrac","robots":{"index":"noindex","follow":"nofollow"},"og_locale":"fr_FR","og_type":"article","og_title":"Maquillage Bio Etude d\u00e9mo- Digital Evaluation - Digicrac","og_description":"Maquillage bio - \u00e9tude d\u00e9mo Digital Evaluation - Etude de march\u00e9 digitale \u00e0 partir des recherches des consommateurs sur Google France - 2020 - Anne-Marie Urrutia Dumas Digicrac","og_url":"https:\/\/digicrac.com\/fr\/maquillage-bio-etude-demo-digital-evaluation\/","og_site_name":"DIGICRAC","twitter_card":"summary_large_image","schema":{"@context":"https:\/\/schema.org","@graph":[{"@type":"WebPage","@id":"https:\/\/digicrac.com\/fr\/maquillage-bio-etude-demo-digital-evaluation\/","url":"https:\/\/digicrac.com\/fr\/maquillage-bio-etude-demo-digital-evaluation\/","name":"Maquillage Bio Etude d\u00e9mo- Digital Evaluation - Digicrac","isPartOf":{"@id":"https:\/\/digicrac.com\/fr\/#website"},"datePublished":"2022-03-18T15:54:37+00:00","description":"Maquillage bio - \u00e9tude d\u00e9mo Digital Evaluation - Etude de march\u00e9 digitale \u00e0 partir des recherches des consommateurs sur Google France - 2020 - Anne-Marie Urrutia Dumas Digicrac","breadcrumb":{"@id":"https:\/\/digicrac.com\/fr\/maquillage-bio-etude-demo-digital-evaluation\/#breadcrumb"},"inLanguage":"fr-FR","potentialAction":[{"@type":"ReadAction","target":["https:\/\/digicrac.com\/fr\/maquillage-bio-etude-demo-digital-evaluation\/"]}]},{"@type":"BreadcrumbList","@id":"https:\/\/digicrac.com\/fr\/maquillage-bio-etude-demo-digital-evaluation\/#breadcrumb","itemListElement":[{"@type":"ListItem","position":1,"name":"Home","item":"https:\/\/digicrac.com\/fr\/"},{"@type":"ListItem","position":2,"name":"Digital Evaluation Etude d\u00e9mo Maquillage Bio"}]},{"@type":"WebSite","@id":"https:\/\/digicrac.com\/fr\/#website","url":"https:\/\/digicrac.com\/fr\/","name":"DIGICRAC","description":"Agence de marketing digital","publisher":{"@id":"https:\/\/digicrac.com\/fr\/#organization"},"potentialAction":[{"@type":"SearchAction","target":{"@type":"EntryPoint","urlTemplate":"https:\/\/digicrac.com\/fr\/?s={search_term_string}"},"query-input":{"@type":"PropertyValueSpecification","valueRequired":true,"valueName":"search_term_string"}}],"inLanguage":"fr-FR"},{"@type":"Organization","@id":"https:\/\/digicrac.com\/fr\/#organization","name":"DIGICRAC","url":"https:\/\/digicrac.com\/fr\/","logo":{"@type":"ImageObject","inLanguage":"fr-FR","@id":"https:\/\/digicrac.com\/fr\/#\/schema\/logo\/image\/","url":"https:\/\/digicrac.com\/wp-content\/uploads\/LINKEDIN-LOGO-DIGICRAC-2018-BLANCO.jpg","contentUrl":"https:\/\/digicrac.com\/wp-content\/uploads\/LINKEDIN-LOGO-DIGICRAC-2018-BLANCO.jpg","width":400,"height":400,"caption":"DIGICRAC"},"image":{"@id":"https:\/\/digicrac.com\/fr\/#\/schema\/logo\/image\/"}}]}},"_links":{"self":[{"href":"https:\/\/digicrac.com\/fr\/wp-json\/wp\/v2\/pages\/3368","targetHints":{"allow":["GET"]}}],"collection":[{"href":"https:\/\/digicrac.com\/fr\/wp-json\/wp\/v2\/pages"}],"about":[{"href":"https:\/\/digicrac.com\/fr\/wp-json\/wp\/v2\/types\/page"}],"author":[{"embeddable":true,"href":"https:\/\/digicrac.com\/fr\/wp-json\/wp\/v2\/users\/5"}],"replies":[{"embeddable":true,"href":"https:\/\/digicrac.com\/fr\/wp-json\/wp\/v2\/comments?post=3368"}],"version-history":[{"count":0,"href":"https:\/\/digicrac.com\/fr\/wp-json\/wp\/v2\/pages\/3368\/revisions"}],"wp:attachment":[{"href":"https:\/\/digicrac.com\/fr\/wp-json\/wp\/v2\/media?parent=3368"}],"curies":[{"name":"wp","href":"https:\/\/api.w.org\/{rel}","templated":true}]}}