{"id":2516,"date":"2018-01-02T20:03:52","date_gmt":"2018-01-02T20:03:52","guid":{"rendered":"http:\/\/digicrac.com\/seo-multilingue\/"},"modified":"2023-06-15T14:53:10","modified_gmt":"2023-06-15T14:53:10","slug":"veille-strategique","status":"publish","type":"page","link":"https:\/\/digicrac.com\/fr\/veille-strategique\/","title":{"rendered":"5 &#8211;  veille strat\u00e9gique &#8211; Organisation Pro"},"content":{"rendered":"<div id=\"dslc-theme-content\"><div id=\"dslc-theme-content-inner\"><p>&nbsp;<\/p>\n<\/div><\/div>","protected":false},"excerpt":{"rendered":"<p>&nbsp;<\/p>\n","protected":false},"author":5,"featured_media":0,"parent":0,"menu_order":0,"comment_status":"closed","ping_status":"closed","template":"","meta":{"_acf_changed":false,"footnotes":""},"class_list":["post-2516","page","type-page","status-publish","hentry"],"acf":[],"yoast_head":"<!-- This site is optimized with the Yoast SEO plugin v27.3 - https:\/\/yoast.com\/product\/yoast-seo-wordpress\/ -->\n<title>Veille strat\u00e9gique | Veille sectorielle | Digital Evaluation<\/title>\n<meta name=\"description\" content=\"Digital Evaluation : veille strat\u00e9gique et sectorielle en temps r\u00e9el \u00e0 partir des recherches de vos consommateurs sur Google.\" \/>\n<meta name=\"robots\" content=\"index, follow, max-snippet:-1, max-image-preview:large, max-video-preview:-1\" \/>\n<link rel=\"canonical\" href=\"https:\/\/digicrac.com\/fr\/veille-commerciale\/\" \/>\n<meta property=\"og:locale\" content=\"fr_FR\" \/>\n<meta property=\"og:type\" content=\"article\" \/>\n<meta property=\"og:title\" content=\"Veille strat\u00e9gique | Veille sectorielle | Digital Evaluation\" \/>\n<meta property=\"og:description\" content=\"Digital Evaluation : veille strat\u00e9gique et sectorielle en temps r\u00e9el \u00e0 partir des recherches de vos consommateurs sur Google.\" \/>\n<meta property=\"og:url\" content=\"https:\/\/digicrac.com\/fr\/veille-commerciale\" \/>\n<meta property=\"og:site_name\" content=\"DIGICRAC\" \/>\n<meta property=\"article:modified_time\" content=\"2023-06-15T14:53:10+00:00\" \/>\n<meta name=\"twitter:card\" content=\"summary_large_image\" \/>\n<script type=\"application\/ld+json\" class=\"yoast-schema-graph\">{\"@context\":\"https:\\\/\\\/schema.org\",\"@graph\":[{\"@type\":\"WebPage\",\"@id\":\"https:\\\/\\\/digicrac.com\\\/fr\\\/veille-strategique\\\/\",\"url\":\"https:\\\/\\\/digicrac.com\\\/fr\\\/veille-commerciale\",\"name\":\"Veille strat\u00e9gique | Veille sectorielle | Digital Evaluation\",\"isPartOf\":{\"@id\":\"https:\\\/\\\/digicrac.com\\\/fr\\\/#website\"},\"datePublished\":\"2018-01-02T20:03:52+00:00\",\"dateModified\":\"2023-06-15T14:53:10+00:00\",\"description\":\"Digital Evaluation : veille strat\u00e9gique et sectorielle en temps r\u00e9el \u00e0 partir des recherches de vos consommateurs sur Google.\",\"breadcrumb\":{\"@id\":\"https:\\\/\\\/digicrac.com\\\/fr\\\/veille-commerciale#breadcrumb\"},\"inLanguage\":\"fr-FR\",\"potentialAction\":[{\"@type\":\"ReadAction\",\"target\":[\"https:\\\/\\\/digicrac.com\\\/fr\\\/veille-commerciale\"]}]},{\"@type\":\"BreadcrumbList\",\"@id\":\"https:\\\/\\\/digicrac.com\\\/fr\\\/veille-commerciale#breadcrumb\",\"itemListElement\":[{\"@type\":\"ListItem\",\"position\":1,\"name\":\"Home\",\"item\":\"https:\\\/\\\/digicrac.com\\\/fr\\\/\"},{\"@type\":\"ListItem\",\"position\":2,\"name\":\"5 &#8211; veille strat\u00e9gique &#8211; Organisation Pro\"}]},{\"@type\":\"WebSite\",\"@id\":\"https:\\\/\\\/digicrac.com\\\/fr\\\/#website\",\"url\":\"https:\\\/\\\/digicrac.com\\\/fr\\\/\",\"name\":\"DIGICRAC\",\"description\":\"Agence de marketing digital\",\"publisher\":{\"@id\":\"https:\\\/\\\/digicrac.com\\\/fr\\\/#organization\"},\"potentialAction\":[{\"@type\":\"SearchAction\",\"target\":{\"@type\":\"EntryPoint\",\"urlTemplate\":\"https:\\\/\\\/digicrac.com\\\/fr\\\/?s={search_term_string}\"},\"query-input\":{\"@type\":\"PropertyValueSpecification\",\"valueRequired\":true,\"valueName\":\"search_term_string\"}}],\"inLanguage\":\"fr-FR\"},{\"@type\":\"Organization\",\"@id\":\"https:\\\/\\\/digicrac.com\\\/fr\\\/#organization\",\"name\":\"DIGICRAC\",\"url\":\"https:\\\/\\\/digicrac.com\\\/fr\\\/\",\"logo\":{\"@type\":\"ImageObject\",\"inLanguage\":\"fr-FR\",\"@id\":\"https:\\\/\\\/digicrac.com\\\/fr\\\/#\\\/schema\\\/logo\\\/image\\\/\",\"url\":\"https:\\\/\\\/digicrac.com\\\/wp-content\\\/uploads\\\/LINKEDIN-LOGO-DIGICRAC-2018-BLANCO.jpg\",\"contentUrl\":\"https:\\\/\\\/digicrac.com\\\/wp-content\\\/uploads\\\/LINKEDIN-LOGO-DIGICRAC-2018-BLANCO.jpg\",\"width\":400,\"height\":400,\"caption\":\"DIGICRAC\"},\"image\":{\"@id\":\"https:\\\/\\\/digicrac.com\\\/fr\\\/#\\\/schema\\\/logo\\\/image\\\/\"}}]}<\/script>\n<!-- \/ Yoast SEO plugin. -->","yoast_head_json":{"title":"Veille strat\u00e9gique | Veille sectorielle | Digital Evaluation","description":"Digital Evaluation : veille strat\u00e9gique et sectorielle en temps r\u00e9el \u00e0 partir des recherches de vos consommateurs sur Google.","robots":{"index":"index","follow":"follow","max-snippet":"max-snippet:-1","max-image-preview":"max-image-preview:large","max-video-preview":"max-video-preview:-1"},"canonical":"https:\/\/digicrac.com\/fr\/veille-commerciale\/","og_locale":"fr_FR","og_type":"article","og_title":"Veille strat\u00e9gique | Veille sectorielle | Digital Evaluation","og_description":"Digital Evaluation : veille strat\u00e9gique et sectorielle en temps r\u00e9el \u00e0 partir des recherches de vos consommateurs sur Google.","og_url":"https:\/\/digicrac.com\/fr\/veille-commerciale","og_site_name":"DIGICRAC","article_modified_time":"2023-06-15T14:53:10+00:00","twitter_card":"summary_large_image","schema":{"@context":"https:\/\/schema.org","@graph":[{"@type":"WebPage","@id":"https:\/\/digicrac.com\/fr\/veille-strategique\/","url":"https:\/\/digicrac.com\/fr\/veille-commerciale","name":"Veille strat\u00e9gique | Veille sectorielle | Digital Evaluation","isPartOf":{"@id":"https:\/\/digicrac.com\/fr\/#website"},"datePublished":"2018-01-02T20:03:52+00:00","dateModified":"2023-06-15T14:53:10+00:00","description":"Digital Evaluation : veille strat\u00e9gique et sectorielle en temps r\u00e9el \u00e0 partir des recherches de vos consommateurs sur Google.","breadcrumb":{"@id":"https:\/\/digicrac.com\/fr\/veille-commerciale#breadcrumb"},"inLanguage":"fr-FR","potentialAction":[{"@type":"ReadAction","target":["https:\/\/digicrac.com\/fr\/veille-commerciale"]}]},{"@type":"BreadcrumbList","@id":"https:\/\/digicrac.com\/fr\/veille-commerciale#breadcrumb","itemListElement":[{"@type":"ListItem","position":1,"name":"Home","item":"https:\/\/digicrac.com\/fr\/"},{"@type":"ListItem","position":2,"name":"5 &#8211; veille strat\u00e9gique &#8211; Organisation Pro"}]},{"@type":"WebSite","@id":"https:\/\/digicrac.com\/fr\/#website","url":"https:\/\/digicrac.com\/fr\/","name":"DIGICRAC","description":"Agence de marketing digital","publisher":{"@id":"https:\/\/digicrac.com\/fr\/#organization"},"potentialAction":[{"@type":"SearchAction","target":{"@type":"EntryPoint","urlTemplate":"https:\/\/digicrac.com\/fr\/?s={search_term_string}"},"query-input":{"@type":"PropertyValueSpecification","valueRequired":true,"valueName":"search_term_string"}}],"inLanguage":"fr-FR"},{"@type":"Organization","@id":"https:\/\/digicrac.com\/fr\/#organization","name":"DIGICRAC","url":"https:\/\/digicrac.com\/fr\/","logo":{"@type":"ImageObject","inLanguage":"fr-FR","@id":"https:\/\/digicrac.com\/fr\/#\/schema\/logo\/image\/","url":"https:\/\/digicrac.com\/wp-content\/uploads\/LINKEDIN-LOGO-DIGICRAC-2018-BLANCO.jpg","contentUrl":"https:\/\/digicrac.com\/wp-content\/uploads\/LINKEDIN-LOGO-DIGICRAC-2018-BLANCO.jpg","width":400,"height":400,"caption":"DIGICRAC"},"image":{"@id":"https:\/\/digicrac.com\/fr\/#\/schema\/logo\/image\/"}}]}},"_links":{"self":[{"href":"https:\/\/digicrac.com\/fr\/wp-json\/wp\/v2\/pages\/2516","targetHints":{"allow":["GET"]}}],"collection":[{"href":"https:\/\/digicrac.com\/fr\/wp-json\/wp\/v2\/pages"}],"about":[{"href":"https:\/\/digicrac.com\/fr\/wp-json\/wp\/v2\/types\/page"}],"author":[{"embeddable":true,"href":"https:\/\/digicrac.com\/fr\/wp-json\/wp\/v2\/users\/5"}],"replies":[{"embeddable":true,"href":"https:\/\/digicrac.com\/fr\/wp-json\/wp\/v2\/comments?post=2516"}],"version-history":[{"count":0,"href":"https:\/\/digicrac.com\/fr\/wp-json\/wp\/v2\/pages\/2516\/revisions"}],"wp:attachment":[{"href":"https:\/\/digicrac.com\/fr\/wp-json\/wp\/v2\/media?parent=2516"}],"curies":[{"name":"wp","href":"https:\/\/api.w.org\/{rel}","templated":true}]}}