{"id":2350,"date":"2017-11-24T17:39:32","date_gmt":"2017-11-24T17:39:32","guid":{"rendered":"http:\/\/digicrac.com\/international-support\/"},"modified":"2023-06-15T13:54:26","modified_gmt":"2023-06-15T13:54:26","slug":"cabinet-de-conseil-en-developpement-international","status":"publish","type":"page","link":"https:\/\/digicrac.com\/fr\/cabinet-de-conseil-en-developpement-international\/","title":{"rendered":"4 &#8211; International support"},"content":{"rendered":"<div id=\"dslc-theme-content\"><div id=\"dslc-theme-content-inner\"><p>&nbsp;<\/p>\n<\/div><\/div>","protected":false},"excerpt":{"rendered":"<p>&nbsp;<\/p>\n","protected":false},"author":5,"featured_media":0,"parent":0,"menu_order":0,"comment_status":"closed","ping_status":"closed","template":"","meta":{"_acf_changed":false,"footnotes":""},"class_list":["post-2350","page","type-page","status-publish","hentry"],"acf":[],"yoast_head":"<!-- This site is optimized with the Yoast SEO plugin v27.6 - https:\/\/yoast.com\/product\/yoast-seo-wordpress\/ -->\n<title>Cabinet conseil en d\u00e9veloppement international, SEO - Digicrac<\/title>\n<meta name=\"description\" content=\"Cabinet conseil en d\u00e9veloppement international et expert en SEO multilingue, Digicrac vous aide \u00e0 prioriser vos pays et \u00e0 devenir visible sur Google dans vos pays cibles.\" \/>\n<meta name=\"robots\" content=\"index, follow, max-snippet:-1, max-image-preview:large, max-video-preview:-1\" \/>\n<link rel=\"canonical\" href=\"https:\/\/digicrac.com\/fr\/cabinet-de-conseil-en-developpement-international\/\" \/>\n<meta property=\"og:locale\" content=\"fr_FR\" \/>\n<meta property=\"og:type\" content=\"article\" \/>\n<meta property=\"og:title\" content=\"Cabinet conseil en d\u00e9veloppement international, SEO - Digicrac\" \/>\n<meta property=\"og:description\" content=\"Cabinet conseil en d\u00e9veloppement international et expert en SEO multilingue, Digicrac vous aide \u00e0 prioriser vos pays et \u00e0 devenir visible sur Google dans vos pays cibles.\" \/>\n<meta property=\"og:url\" content=\"https:\/\/digicrac.com\/fr\/cabinet-de-conseil-en-developpement-international\/\" \/>\n<meta property=\"og:site_name\" content=\"DIGICRAC\" \/>\n<meta property=\"article:modified_time\" content=\"2023-06-15T13:54:26+00:00\" \/>\n<meta name=\"twitter:card\" content=\"summary_large_image\" \/>\n<script type=\"application\/ld+json\" class=\"yoast-schema-graph\">{\"@context\":\"https:\\\/\\\/schema.org\",\"@graph\":[{\"@type\":\"WebPage\",\"@id\":\"https:\\\/\\\/digicrac.com\\\/fr\\\/cabinet-de-conseil-en-developpement-international\\\/\",\"url\":\"https:\\\/\\\/digicrac.com\\\/fr\\\/cabinet-de-conseil-en-developpement-international\\\/\",\"name\":\"Cabinet conseil en d\u00e9veloppement international, SEO - Digicrac\",\"isPartOf\":{\"@id\":\"https:\\\/\\\/digicrac.com\\\/fr\\\/#website\"},\"datePublished\":\"2017-11-24T17:39:32+00:00\",\"dateModified\":\"2023-06-15T13:54:26+00:00\",\"description\":\"Cabinet conseil en d\u00e9veloppement international et expert en SEO multilingue, Digicrac vous aide \u00e0 prioriser vos pays et \u00e0 devenir visible sur Google dans vos pays cibles.\",\"breadcrumb\":{\"@id\":\"https:\\\/\\\/digicrac.com\\\/fr\\\/cabinet-de-conseil-en-developpement-international\\\/#breadcrumb\"},\"inLanguage\":\"fr-FR\",\"potentialAction\":[{\"@type\":\"ReadAction\",\"target\":[\"https:\\\/\\\/digicrac.com\\\/fr\\\/cabinet-de-conseil-en-developpement-international\\\/\"]}]},{\"@type\":\"BreadcrumbList\",\"@id\":\"https:\\\/\\\/digicrac.com\\\/fr\\\/cabinet-de-conseil-en-developpement-international\\\/#breadcrumb\",\"itemListElement\":[{\"@type\":\"ListItem\",\"position\":1,\"name\":\"Home\",\"item\":\"https:\\\/\\\/digicrac.com\\\/fr\\\/\"},{\"@type\":\"ListItem\",\"position\":2,\"name\":\"4 &#8211; International support\"}]},{\"@type\":\"WebSite\",\"@id\":\"https:\\\/\\\/digicrac.com\\\/fr\\\/#website\",\"url\":\"https:\\\/\\\/digicrac.com\\\/fr\\\/\",\"name\":\"DIGICRAC\",\"description\":\"Agence de marketing digital\",\"publisher\":{\"@id\":\"https:\\\/\\\/digicrac.com\\\/fr\\\/#organization\"},\"potentialAction\":[{\"@type\":\"SearchAction\",\"target\":{\"@type\":\"EntryPoint\",\"urlTemplate\":\"https:\\\/\\\/digicrac.com\\\/fr\\\/?s={search_term_string}\"},\"query-input\":{\"@type\":\"PropertyValueSpecification\",\"valueRequired\":true,\"valueName\":\"search_term_string\"}}],\"inLanguage\":\"fr-FR\"},{\"@type\":\"Organization\",\"@id\":\"https:\\\/\\\/digicrac.com\\\/fr\\\/#organization\",\"name\":\"DIGICRAC\",\"url\":\"https:\\\/\\\/digicrac.com\\\/fr\\\/\",\"logo\":{\"@type\":\"ImageObject\",\"inLanguage\":\"fr-FR\",\"@id\":\"https:\\\/\\\/digicrac.com\\\/fr\\\/#\\\/schema\\\/logo\\\/image\\\/\",\"url\":\"https:\\\/\\\/digicrac.com\\\/wp-content\\\/uploads\\\/LINKEDIN-LOGO-DIGICRAC-2018-BLANCO.jpg\",\"contentUrl\":\"https:\\\/\\\/digicrac.com\\\/wp-content\\\/uploads\\\/LINKEDIN-LOGO-DIGICRAC-2018-BLANCO.jpg\",\"width\":400,\"height\":400,\"caption\":\"DIGICRAC\"},\"image\":{\"@id\":\"https:\\\/\\\/digicrac.com\\\/fr\\\/#\\\/schema\\\/logo\\\/image\\\/\"}}]}<\/script>\n<!-- \/ Yoast SEO plugin. -->","yoast_head_json":{"title":"Cabinet conseil en d\u00e9veloppement international, SEO - Digicrac","description":"Cabinet conseil en d\u00e9veloppement international et expert en SEO multilingue, Digicrac vous aide \u00e0 prioriser vos pays et \u00e0 devenir visible sur Google dans vos pays cibles.","robots":{"index":"index","follow":"follow","max-snippet":"max-snippet:-1","max-image-preview":"max-image-preview:large","max-video-preview":"max-video-preview:-1"},"canonical":"https:\/\/digicrac.com\/fr\/cabinet-de-conseil-en-developpement-international\/","og_locale":"fr_FR","og_type":"article","og_title":"Cabinet conseil en d\u00e9veloppement international, SEO - Digicrac","og_description":"Cabinet conseil en d\u00e9veloppement international et expert en SEO multilingue, Digicrac vous aide \u00e0 prioriser vos pays et \u00e0 devenir visible sur Google dans vos pays cibles.","og_url":"https:\/\/digicrac.com\/fr\/cabinet-de-conseil-en-developpement-international\/","og_site_name":"DIGICRAC","article_modified_time":"2023-06-15T13:54:26+00:00","twitter_card":"summary_large_image","schema":{"@context":"https:\/\/schema.org","@graph":[{"@type":"WebPage","@id":"https:\/\/digicrac.com\/fr\/cabinet-de-conseil-en-developpement-international\/","url":"https:\/\/digicrac.com\/fr\/cabinet-de-conseil-en-developpement-international\/","name":"Cabinet conseil en d\u00e9veloppement international, SEO - Digicrac","isPartOf":{"@id":"https:\/\/digicrac.com\/fr\/#website"},"datePublished":"2017-11-24T17:39:32+00:00","dateModified":"2023-06-15T13:54:26+00:00","description":"Cabinet conseil en d\u00e9veloppement international et expert en SEO multilingue, Digicrac vous aide \u00e0 prioriser vos pays et \u00e0 devenir visible sur Google dans vos pays cibles.","breadcrumb":{"@id":"https:\/\/digicrac.com\/fr\/cabinet-de-conseil-en-developpement-international\/#breadcrumb"},"inLanguage":"fr-FR","potentialAction":[{"@type":"ReadAction","target":["https:\/\/digicrac.com\/fr\/cabinet-de-conseil-en-developpement-international\/"]}]},{"@type":"BreadcrumbList","@id":"https:\/\/digicrac.com\/fr\/cabinet-de-conseil-en-developpement-international\/#breadcrumb","itemListElement":[{"@type":"ListItem","position":1,"name":"Home","item":"https:\/\/digicrac.com\/fr\/"},{"@type":"ListItem","position":2,"name":"4 &#8211; International support"}]},{"@type":"WebSite","@id":"https:\/\/digicrac.com\/fr\/#website","url":"https:\/\/digicrac.com\/fr\/","name":"DIGICRAC","description":"Agence de marketing digital","publisher":{"@id":"https:\/\/digicrac.com\/fr\/#organization"},"potentialAction":[{"@type":"SearchAction","target":{"@type":"EntryPoint","urlTemplate":"https:\/\/digicrac.com\/fr\/?s={search_term_string}"},"query-input":{"@type":"PropertyValueSpecification","valueRequired":true,"valueName":"search_term_string"}}],"inLanguage":"fr-FR"},{"@type":"Organization","@id":"https:\/\/digicrac.com\/fr\/#organization","name":"DIGICRAC","url":"https:\/\/digicrac.com\/fr\/","logo":{"@type":"ImageObject","inLanguage":"fr-FR","@id":"https:\/\/digicrac.com\/fr\/#\/schema\/logo\/image\/","url":"https:\/\/digicrac.com\/wp-content\/uploads\/LINKEDIN-LOGO-DIGICRAC-2018-BLANCO.jpg","contentUrl":"https:\/\/digicrac.com\/wp-content\/uploads\/LINKEDIN-LOGO-DIGICRAC-2018-BLANCO.jpg","width":400,"height":400,"caption":"DIGICRAC"},"image":{"@id":"https:\/\/digicrac.com\/fr\/#\/schema\/logo\/image\/"}}]}},"_links":{"self":[{"href":"https:\/\/digicrac.com\/fr\/wp-json\/wp\/v2\/pages\/2350","targetHints":{"allow":["GET"]}}],"collection":[{"href":"https:\/\/digicrac.com\/fr\/wp-json\/wp\/v2\/pages"}],"about":[{"href":"https:\/\/digicrac.com\/fr\/wp-json\/wp\/v2\/types\/page"}],"author":[{"embeddable":true,"href":"https:\/\/digicrac.com\/fr\/wp-json\/wp\/v2\/users\/5"}],"replies":[{"embeddable":true,"href":"https:\/\/digicrac.com\/fr\/wp-json\/wp\/v2\/comments?post=2350"}],"version-history":[{"count":0,"href":"https:\/\/digicrac.com\/fr\/wp-json\/wp\/v2\/pages\/2350\/revisions"}],"wp:attachment":[{"href":"https:\/\/digicrac.com\/fr\/wp-json\/wp\/v2\/media?parent=2350"}],"curies":[{"name":"wp","href":"https:\/\/api.w.org\/{rel}","templated":true}]}}