{"id":2258,"date":"2017-10-22T20:14:27","date_gmt":"2017-10-22T20:14:27","guid":{"rendered":"http:\/\/digicrac.com\/?page_id=2258"},"modified":"2022-11-15T12:55:34","modified_gmt":"2022-11-15T12:55:34","slug":"formation-seo","status":"publish","type":"page","link":"https:\/\/digicrac.com\/fr\/formation-seo\/","title":{"rendered":"3 &#8211; Digital Marketing &#8211; SEO -Formation SEO"},"content":{"rendered":"<div id=\"dslc-theme-content\"><div id=\"dslc-theme-content-inner\"><p>&nbsp;<\/p>\n<\/div><\/div>","protected":false},"excerpt":{"rendered":"<p>&nbsp;<\/p>\n","protected":false},"author":5,"featured_media":0,"parent":0,"menu_order":0,"comment_status":"closed","ping_status":"closed","template":"","meta":{"_acf_changed":false,"footnotes":""},"class_list":["post-2258","page","type-page","status-publish","hentry"],"acf":[],"yoast_head":"<!-- This site is optimized with the Yoast SEO plugin v27.3 - https:\/\/yoast.com\/product\/yoast-seo-wordpress\/ -->\n<title>Formation SEO - programme d\u00e9butants | Agence Digicrac<\/title>\n<meta name=\"description\" content=\"Formation SEO : comment cr\u00e9er du trafic ? Avec Digicrac, d\u00e9couvrez enjeux, m\u00e9thodes, outils op\u00e9rationnels SEO et devenez visible sur Google!\" \/>\n<meta name=\"robots\" content=\"index, follow, max-snippet:-1, max-image-preview:large, max-video-preview:-1\" \/>\n<link rel=\"canonical\" href=\"https:\/\/digicrac.com\/fr\/formation-seo\/\" \/>\n<meta property=\"og:locale\" content=\"fr_FR\" \/>\n<meta property=\"og:type\" content=\"article\" \/>\n<meta property=\"og:title\" content=\"Formation SEO - programme d\u00e9butants | Agence Digicrac\" \/>\n<meta property=\"og:description\" content=\"Formation SEO : comment cr\u00e9er du trafic ? Avec Digicrac, d\u00e9couvrez enjeux, m\u00e9thodes, outils op\u00e9rationnels SEO et devenez visible sur Google!\" \/>\n<meta property=\"og:url\" content=\"https:\/\/digicrac.com\/fr\/formation-seo\/\" \/>\n<meta property=\"og:site_name\" content=\"DIGICRAC\" \/>\n<meta property=\"article:modified_time\" content=\"2022-11-15T12:55:34+00:00\" \/>\n<meta name=\"twitter:card\" content=\"summary_large_image\" \/>\n<script type=\"application\/ld+json\" class=\"yoast-schema-graph\">{\"@context\":\"https:\\\/\\\/schema.org\",\"@graph\":[{\"@type\":\"WebPage\",\"@id\":\"https:\\\/\\\/digicrac.com\\\/fr\\\/formation-seo\\\/\",\"url\":\"https:\\\/\\\/digicrac.com\\\/fr\\\/formation-seo\\\/\",\"name\":\"Formation SEO - programme d\u00e9butants | Agence Digicrac\",\"isPartOf\":{\"@id\":\"https:\\\/\\\/digicrac.com\\\/fr\\\/#website\"},\"datePublished\":\"2017-10-22T20:14:27+00:00\",\"dateModified\":\"2022-11-15T12:55:34+00:00\",\"description\":\"Formation SEO : comment cr\u00e9er du trafic ? Avec Digicrac, d\u00e9couvrez enjeux, m\u00e9thodes, outils op\u00e9rationnels SEO et devenez visible sur Google!\",\"breadcrumb\":{\"@id\":\"https:\\\/\\\/digicrac.com\\\/fr\\\/formation-seo\\\/#breadcrumb\"},\"inLanguage\":\"fr-FR\",\"potentialAction\":[{\"@type\":\"ReadAction\",\"target\":[\"https:\\\/\\\/digicrac.com\\\/fr\\\/formation-seo\\\/\"]}]},{\"@type\":\"BreadcrumbList\",\"@id\":\"https:\\\/\\\/digicrac.com\\\/fr\\\/formation-seo\\\/#breadcrumb\",\"itemListElement\":[{\"@type\":\"ListItem\",\"position\":1,\"name\":\"Home\",\"item\":\"https:\\\/\\\/digicrac.com\\\/fr\\\/\"},{\"@type\":\"ListItem\",\"position\":2,\"name\":\"3 &#8211; Digital Marketing &#8211; SEO -Formation SEO\"}]},{\"@type\":\"WebSite\",\"@id\":\"https:\\\/\\\/digicrac.com\\\/fr\\\/#website\",\"url\":\"https:\\\/\\\/digicrac.com\\\/fr\\\/\",\"name\":\"DIGICRAC\",\"description\":\"Agence de marketing digital\",\"publisher\":{\"@id\":\"https:\\\/\\\/digicrac.com\\\/fr\\\/#organization\"},\"potentialAction\":[{\"@type\":\"SearchAction\",\"target\":{\"@type\":\"EntryPoint\",\"urlTemplate\":\"https:\\\/\\\/digicrac.com\\\/fr\\\/?s={search_term_string}\"},\"query-input\":{\"@type\":\"PropertyValueSpecification\",\"valueRequired\":true,\"valueName\":\"search_term_string\"}}],\"inLanguage\":\"fr-FR\"},{\"@type\":\"Organization\",\"@id\":\"https:\\\/\\\/digicrac.com\\\/fr\\\/#organization\",\"name\":\"DIGICRAC\",\"url\":\"https:\\\/\\\/digicrac.com\\\/fr\\\/\",\"logo\":{\"@type\":\"ImageObject\",\"inLanguage\":\"fr-FR\",\"@id\":\"https:\\\/\\\/digicrac.com\\\/fr\\\/#\\\/schema\\\/logo\\\/image\\\/\",\"url\":\"https:\\\/\\\/digicrac.com\\\/wp-content\\\/uploads\\\/LINKEDIN-LOGO-DIGICRAC-2018-BLANCO.jpg\",\"contentUrl\":\"https:\\\/\\\/digicrac.com\\\/wp-content\\\/uploads\\\/LINKEDIN-LOGO-DIGICRAC-2018-BLANCO.jpg\",\"width\":400,\"height\":400,\"caption\":\"DIGICRAC\"},\"image\":{\"@id\":\"https:\\\/\\\/digicrac.com\\\/fr\\\/#\\\/schema\\\/logo\\\/image\\\/\"}}]}<\/script>\n<!-- \/ Yoast SEO plugin. -->","yoast_head_json":{"title":"Formation SEO - programme d\u00e9butants | Agence Digicrac","description":"Formation SEO : comment cr\u00e9er du trafic ? Avec Digicrac, d\u00e9couvrez enjeux, m\u00e9thodes, outils op\u00e9rationnels SEO et devenez visible sur Google!","robots":{"index":"index","follow":"follow","max-snippet":"max-snippet:-1","max-image-preview":"max-image-preview:large","max-video-preview":"max-video-preview:-1"},"canonical":"https:\/\/digicrac.com\/fr\/formation-seo\/","og_locale":"fr_FR","og_type":"article","og_title":"Formation SEO - programme d\u00e9butants | Agence Digicrac","og_description":"Formation SEO : comment cr\u00e9er du trafic ? Avec Digicrac, d\u00e9couvrez enjeux, m\u00e9thodes, outils op\u00e9rationnels SEO et devenez visible sur Google!","og_url":"https:\/\/digicrac.com\/fr\/formation-seo\/","og_site_name":"DIGICRAC","article_modified_time":"2022-11-15T12:55:34+00:00","twitter_card":"summary_large_image","schema":{"@context":"https:\/\/schema.org","@graph":[{"@type":"WebPage","@id":"https:\/\/digicrac.com\/fr\/formation-seo\/","url":"https:\/\/digicrac.com\/fr\/formation-seo\/","name":"Formation SEO - programme d\u00e9butants | Agence Digicrac","isPartOf":{"@id":"https:\/\/digicrac.com\/fr\/#website"},"datePublished":"2017-10-22T20:14:27+00:00","dateModified":"2022-11-15T12:55:34+00:00","description":"Formation SEO : comment cr\u00e9er du trafic ? Avec Digicrac, d\u00e9couvrez enjeux, m\u00e9thodes, outils op\u00e9rationnels SEO et devenez visible sur Google!","breadcrumb":{"@id":"https:\/\/digicrac.com\/fr\/formation-seo\/#breadcrumb"},"inLanguage":"fr-FR","potentialAction":[{"@type":"ReadAction","target":["https:\/\/digicrac.com\/fr\/formation-seo\/"]}]},{"@type":"BreadcrumbList","@id":"https:\/\/digicrac.com\/fr\/formation-seo\/#breadcrumb","itemListElement":[{"@type":"ListItem","position":1,"name":"Home","item":"https:\/\/digicrac.com\/fr\/"},{"@type":"ListItem","position":2,"name":"3 &#8211; Digital Marketing &#8211; SEO -Formation SEO"}]},{"@type":"WebSite","@id":"https:\/\/digicrac.com\/fr\/#website","url":"https:\/\/digicrac.com\/fr\/","name":"DIGICRAC","description":"Agence de marketing digital","publisher":{"@id":"https:\/\/digicrac.com\/fr\/#organization"},"potentialAction":[{"@type":"SearchAction","target":{"@type":"EntryPoint","urlTemplate":"https:\/\/digicrac.com\/fr\/?s={search_term_string}"},"query-input":{"@type":"PropertyValueSpecification","valueRequired":true,"valueName":"search_term_string"}}],"inLanguage":"fr-FR"},{"@type":"Organization","@id":"https:\/\/digicrac.com\/fr\/#organization","name":"DIGICRAC","url":"https:\/\/digicrac.com\/fr\/","logo":{"@type":"ImageObject","inLanguage":"fr-FR","@id":"https:\/\/digicrac.com\/fr\/#\/schema\/logo\/image\/","url":"https:\/\/digicrac.com\/wp-content\/uploads\/LINKEDIN-LOGO-DIGICRAC-2018-BLANCO.jpg","contentUrl":"https:\/\/digicrac.com\/wp-content\/uploads\/LINKEDIN-LOGO-DIGICRAC-2018-BLANCO.jpg","width":400,"height":400,"caption":"DIGICRAC"},"image":{"@id":"https:\/\/digicrac.com\/fr\/#\/schema\/logo\/image\/"}}]}},"_links":{"self":[{"href":"https:\/\/digicrac.com\/fr\/wp-json\/wp\/v2\/pages\/2258","targetHints":{"allow":["GET"]}}],"collection":[{"href":"https:\/\/digicrac.com\/fr\/wp-json\/wp\/v2\/pages"}],"about":[{"href":"https:\/\/digicrac.com\/fr\/wp-json\/wp\/v2\/types\/page"}],"author":[{"embeddable":true,"href":"https:\/\/digicrac.com\/fr\/wp-json\/wp\/v2\/users\/5"}],"replies":[{"embeddable":true,"href":"https:\/\/digicrac.com\/fr\/wp-json\/wp\/v2\/comments?post=2258"}],"version-history":[{"count":0,"href":"https:\/\/digicrac.com\/fr\/wp-json\/wp\/v2\/pages\/2258\/revisions"}],"wp:attachment":[{"href":"https:\/\/digicrac.com\/fr\/wp-json\/wp\/v2\/media?parent=2258"}],"curies":[{"name":"wp","href":"https:\/\/api.w.org\/{rel}","templated":true}]}}