{"id":2249,"date":"2017-07-31T08:34:45","date_gmt":"2017-07-31T08:34:45","guid":{"rendered":"http:\/\/digicrac.com\/product-survey\/"},"modified":"2019-06-25T14:25:35","modified_gmt":"2019-06-25T14:25:35","slug":"etude-de-produit","status":"publish","type":"page","link":"https:\/\/digicrac.com\/fr\/etude-de-produit\/","title":{"rendered":"2 \u2013 Marketing digital \u2013 Etude de march\u00e9 &#8211; Etude de produit"},"content":{"rendered":"<div id=\"dslc-theme-content\"><div id=\"dslc-theme-content-inner\"><p>&nbsp;<\/p>\n<\/div><\/div>","protected":false},"excerpt":{"rendered":"<p>&nbsp;<\/p>\n","protected":false},"author":5,"featured_media":0,"parent":0,"menu_order":0,"comment_status":"closed","ping_status":"closed","template":"","meta":{"_acf_changed":false,"footnotes":""},"class_list":["post-2249","page","type-page","status-publish","hentry"],"acf":[],"yoast_head":"<!-- This site is optimized with the Yoast SEO plugin v27.3 - https:\/\/yoast.com\/product\/yoast-seo-wordpress\/ -->\n<title>Etude de produit digitale | L&#039;offre id\u00e9ale client r\u00e9v\u00e9l\u00e9e par Digicrac<\/title>\n<meta name=\"description\" content=\"Etude de produit digitale : Digicrac r\u00e9v\u00e9le l&#039;offre id\u00e9ale de vos clients \u00e0 partir de leurs recherches sur le web. Une \u00e9tude tendance pour ne pas rater les best-sellers!\" \/>\n<meta name=\"robots\" content=\"index, follow, max-snippet:-1, max-image-preview:large, max-video-preview:-1\" \/>\n<link rel=\"canonical\" href=\"https:\/\/digicrac.com\/fr\/etude-de-produit\/\" \/>\n<meta property=\"og:locale\" content=\"fr_FR\" \/>\n<meta property=\"og:type\" content=\"article\" \/>\n<meta property=\"og:title\" content=\"Etude de produit digitale | L&#039;offre id\u00e9ale client r\u00e9v\u00e9l\u00e9e par Digicrac\" \/>\n<meta property=\"og:description\" content=\"Etude de produit digitale : Digicrac r\u00e9v\u00e9le l&#039;offre id\u00e9ale de vos clients \u00e0 partir de leurs recherches sur le web. Une \u00e9tude tendance pour ne pas rater les best-sellers!\" \/>\n<meta property=\"og:url\" content=\"https:\/\/digicrac.com\/fr\/etude-de-produit\/\" \/>\n<meta property=\"og:site_name\" content=\"DIGICRAC\" \/>\n<meta property=\"article:modified_time\" content=\"2019-06-25T14:25:35+00:00\" \/>\n<meta name=\"twitter:card\" content=\"summary_large_image\" \/>\n<script type=\"application\/ld+json\" class=\"yoast-schema-graph\">{\"@context\":\"https:\\\/\\\/schema.org\",\"@graph\":[{\"@type\":\"WebPage\",\"@id\":\"https:\\\/\\\/digicrac.com\\\/fr\\\/etude-de-produit\\\/\",\"url\":\"https:\\\/\\\/digicrac.com\\\/fr\\\/etude-de-produit\\\/\",\"name\":\"Etude de produit digitale | L'offre id\u00e9ale client r\u00e9v\u00e9l\u00e9e par Digicrac\",\"isPartOf\":{\"@id\":\"https:\\\/\\\/digicrac.com\\\/fr\\\/#website\"},\"datePublished\":\"2017-07-31T08:34:45+00:00\",\"dateModified\":\"2019-06-25T14:25:35+00:00\",\"description\":\"Etude de produit digitale : Digicrac r\u00e9v\u00e9le l'offre id\u00e9ale de vos clients \u00e0 partir de leurs recherches sur le web. Une \u00e9tude tendance pour ne pas rater les best-sellers!\",\"breadcrumb\":{\"@id\":\"https:\\\/\\\/digicrac.com\\\/fr\\\/etude-de-produit\\\/#breadcrumb\"},\"inLanguage\":\"fr-FR\",\"potentialAction\":[{\"@type\":\"ReadAction\",\"target\":[\"https:\\\/\\\/digicrac.com\\\/fr\\\/etude-de-produit\\\/\"]}]},{\"@type\":\"BreadcrumbList\",\"@id\":\"https:\\\/\\\/digicrac.com\\\/fr\\\/etude-de-produit\\\/#breadcrumb\",\"itemListElement\":[{\"@type\":\"ListItem\",\"position\":1,\"name\":\"Home\",\"item\":\"https:\\\/\\\/digicrac.com\\\/fr\\\/\"},{\"@type\":\"ListItem\",\"position\":2,\"name\":\"2 \u2013 Marketing digital \u2013 Etude de march\u00e9 &#8211; Etude de produit\"}]},{\"@type\":\"WebSite\",\"@id\":\"https:\\\/\\\/digicrac.com\\\/fr\\\/#website\",\"url\":\"https:\\\/\\\/digicrac.com\\\/fr\\\/\",\"name\":\"DIGICRAC\",\"description\":\"Agence de marketing digital\",\"publisher\":{\"@id\":\"https:\\\/\\\/digicrac.com\\\/fr\\\/#organization\"},\"potentialAction\":[{\"@type\":\"SearchAction\",\"target\":{\"@type\":\"EntryPoint\",\"urlTemplate\":\"https:\\\/\\\/digicrac.com\\\/fr\\\/?s={search_term_string}\"},\"query-input\":{\"@type\":\"PropertyValueSpecification\",\"valueRequired\":true,\"valueName\":\"search_term_string\"}}],\"inLanguage\":\"fr-FR\"},{\"@type\":\"Organization\",\"@id\":\"https:\\\/\\\/digicrac.com\\\/fr\\\/#organization\",\"name\":\"DIGICRAC\",\"url\":\"https:\\\/\\\/digicrac.com\\\/fr\\\/\",\"logo\":{\"@type\":\"ImageObject\",\"inLanguage\":\"fr-FR\",\"@id\":\"https:\\\/\\\/digicrac.com\\\/fr\\\/#\\\/schema\\\/logo\\\/image\\\/\",\"url\":\"https:\\\/\\\/digicrac.com\\\/wp-content\\\/uploads\\\/LINKEDIN-LOGO-DIGICRAC-2018-BLANCO.jpg\",\"contentUrl\":\"https:\\\/\\\/digicrac.com\\\/wp-content\\\/uploads\\\/LINKEDIN-LOGO-DIGICRAC-2018-BLANCO.jpg\",\"width\":400,\"height\":400,\"caption\":\"DIGICRAC\"},\"image\":{\"@id\":\"https:\\\/\\\/digicrac.com\\\/fr\\\/#\\\/schema\\\/logo\\\/image\\\/\"}}]}<\/script>\n<!-- \/ Yoast SEO plugin. -->","yoast_head_json":{"title":"Etude de produit digitale | L'offre id\u00e9ale client r\u00e9v\u00e9l\u00e9e par Digicrac","description":"Etude de produit digitale : Digicrac r\u00e9v\u00e9le l'offre id\u00e9ale de vos clients \u00e0 partir de leurs recherches sur le web. Une \u00e9tude tendance pour ne pas rater les best-sellers!","robots":{"index":"index","follow":"follow","max-snippet":"max-snippet:-1","max-image-preview":"max-image-preview:large","max-video-preview":"max-video-preview:-1"},"canonical":"https:\/\/digicrac.com\/fr\/etude-de-produit\/","og_locale":"fr_FR","og_type":"article","og_title":"Etude de produit digitale | L'offre id\u00e9ale client r\u00e9v\u00e9l\u00e9e par Digicrac","og_description":"Etude de produit digitale : Digicrac r\u00e9v\u00e9le l'offre id\u00e9ale de vos clients \u00e0 partir de leurs recherches sur le web. Une \u00e9tude tendance pour ne pas rater les best-sellers!","og_url":"https:\/\/digicrac.com\/fr\/etude-de-produit\/","og_site_name":"DIGICRAC","article_modified_time":"2019-06-25T14:25:35+00:00","twitter_card":"summary_large_image","schema":{"@context":"https:\/\/schema.org","@graph":[{"@type":"WebPage","@id":"https:\/\/digicrac.com\/fr\/etude-de-produit\/","url":"https:\/\/digicrac.com\/fr\/etude-de-produit\/","name":"Etude de produit digitale | L'offre id\u00e9ale client r\u00e9v\u00e9l\u00e9e par Digicrac","isPartOf":{"@id":"https:\/\/digicrac.com\/fr\/#website"},"datePublished":"2017-07-31T08:34:45+00:00","dateModified":"2019-06-25T14:25:35+00:00","description":"Etude de produit digitale : Digicrac r\u00e9v\u00e9le l'offre id\u00e9ale de vos clients \u00e0 partir de leurs recherches sur le web. Une \u00e9tude tendance pour ne pas rater les best-sellers!","breadcrumb":{"@id":"https:\/\/digicrac.com\/fr\/etude-de-produit\/#breadcrumb"},"inLanguage":"fr-FR","potentialAction":[{"@type":"ReadAction","target":["https:\/\/digicrac.com\/fr\/etude-de-produit\/"]}]},{"@type":"BreadcrumbList","@id":"https:\/\/digicrac.com\/fr\/etude-de-produit\/#breadcrumb","itemListElement":[{"@type":"ListItem","position":1,"name":"Home","item":"https:\/\/digicrac.com\/fr\/"},{"@type":"ListItem","position":2,"name":"2 \u2013 Marketing digital \u2013 Etude de march\u00e9 &#8211; Etude de produit"}]},{"@type":"WebSite","@id":"https:\/\/digicrac.com\/fr\/#website","url":"https:\/\/digicrac.com\/fr\/","name":"DIGICRAC","description":"Agence de marketing digital","publisher":{"@id":"https:\/\/digicrac.com\/fr\/#organization"},"potentialAction":[{"@type":"SearchAction","target":{"@type":"EntryPoint","urlTemplate":"https:\/\/digicrac.com\/fr\/?s={search_term_string}"},"query-input":{"@type":"PropertyValueSpecification","valueRequired":true,"valueName":"search_term_string"}}],"inLanguage":"fr-FR"},{"@type":"Organization","@id":"https:\/\/digicrac.com\/fr\/#organization","name":"DIGICRAC","url":"https:\/\/digicrac.com\/fr\/","logo":{"@type":"ImageObject","inLanguage":"fr-FR","@id":"https:\/\/digicrac.com\/fr\/#\/schema\/logo\/image\/","url":"https:\/\/digicrac.com\/wp-content\/uploads\/LINKEDIN-LOGO-DIGICRAC-2018-BLANCO.jpg","contentUrl":"https:\/\/digicrac.com\/wp-content\/uploads\/LINKEDIN-LOGO-DIGICRAC-2018-BLANCO.jpg","width":400,"height":400,"caption":"DIGICRAC"},"image":{"@id":"https:\/\/digicrac.com\/fr\/#\/schema\/logo\/image\/"}}]}},"_links":{"self":[{"href":"https:\/\/digicrac.com\/fr\/wp-json\/wp\/v2\/pages\/2249","targetHints":{"allow":["GET"]}}],"collection":[{"href":"https:\/\/digicrac.com\/fr\/wp-json\/wp\/v2\/pages"}],"about":[{"href":"https:\/\/digicrac.com\/fr\/wp-json\/wp\/v2\/types\/page"}],"author":[{"embeddable":true,"href":"https:\/\/digicrac.com\/fr\/wp-json\/wp\/v2\/users\/5"}],"replies":[{"embeddable":true,"href":"https:\/\/digicrac.com\/fr\/wp-json\/wp\/v2\/comments?post=2249"}],"version-history":[{"count":0,"href":"https:\/\/digicrac.com\/fr\/wp-json\/wp\/v2\/pages\/2249\/revisions"}],"wp:attachment":[{"href":"https:\/\/digicrac.com\/fr\/wp-json\/wp\/v2\/media?parent=2249"}],"curies":[{"name":"wp","href":"https:\/\/api.w.org\/{rel}","templated":true}]}}