{"id":2062,"date":"2017-08-17T22:11:10","date_gmt":"2017-08-17T22:11:10","guid":{"rendered":"http:\/\/digicrac.com\/testimonials\/"},"modified":"2019-06-25T14:21:55","modified_gmt":"2019-06-25T14:21:55","slug":"temoignages-digicrac","status":"publish","type":"page","link":"https:\/\/digicrac.com\/fr\/temoignages-digicrac\/","title":{"rendered":"1 &#8211; Notre agence &#8211; T\u00e9moignages"},"content":{"rendered":"<div id=\"dslc-theme-content\"><div id=\"dslc-theme-content-inner\"><\/div><\/div>","protected":false},"excerpt":{"rendered":"","protected":false},"author":5,"featured_media":0,"parent":0,"menu_order":0,"comment_status":"closed","ping_status":"closed","template":"","meta":{"_acf_changed":false,"footnotes":""},"class_list":["post-2062","page","type-page","status-publish","hentry"],"acf":[],"yoast_head":"<!-- This site is optimized with the Yoast SEO plugin v27.3 - https:\/\/yoast.com\/product\/yoast-seo-wordpress\/ -->\n<title>T\u00e9moignages de clients Digicrac en SEO, mots cl\u00e9s, strat\u00e9gie, formation...<\/title>\n<meta name=\"description\" content=\"T\u00e9moignages clients : SEO, formation, cr\u00e9ation de site, mots cl\u00e9s ou strat\u00e9gie digitale... ils ont fait confiance \u00e0 Digicrac et nous les en remercions !\" \/>\n<meta name=\"robots\" content=\"index, follow, max-snippet:-1, max-image-preview:large, max-video-preview:-1\" \/>\n<link rel=\"canonical\" href=\"https:\/\/digicrac.com\/fr\/temoignages-digicrac\/\" \/>\n<meta property=\"og:locale\" content=\"fr_FR\" \/>\n<meta property=\"og:type\" content=\"article\" \/>\n<meta property=\"og:title\" content=\"T\u00e9moignages de clients Digicrac en SEO, mots cl\u00e9s, strat\u00e9gie, formation...\" \/>\n<meta property=\"og:description\" content=\"T\u00e9moignages clients : SEO, formation, cr\u00e9ation de site, mots cl\u00e9s ou strat\u00e9gie digitale... ils ont fait confiance \u00e0 Digicrac et nous les en remercions !\" \/>\n<meta property=\"og:url\" content=\"https:\/\/digicrac.com\/fr\/temoignages-digicrac\/\" \/>\n<meta property=\"og:site_name\" content=\"DIGICRAC\" \/>\n<meta property=\"article:modified_time\" content=\"2019-06-25T14:21:55+00:00\" \/>\n<meta name=\"twitter:card\" content=\"summary_large_image\" \/>\n<script type=\"application\/ld+json\" class=\"yoast-schema-graph\">{\"@context\":\"https:\\\/\\\/schema.org\",\"@graph\":[{\"@type\":\"WebPage\",\"@id\":\"https:\\\/\\\/digicrac.com\\\/fr\\\/temoignages-digicrac\\\/\",\"url\":\"https:\\\/\\\/digicrac.com\\\/fr\\\/temoignages-digicrac\\\/\",\"name\":\"T\u00e9moignages de clients Digicrac en SEO, mots cl\u00e9s, strat\u00e9gie, formation...\",\"isPartOf\":{\"@id\":\"https:\\\/\\\/digicrac.com\\\/fr\\\/#website\"},\"datePublished\":\"2017-08-17T22:11:10+00:00\",\"dateModified\":\"2019-06-25T14:21:55+00:00\",\"description\":\"T\u00e9moignages clients : SEO, formation, cr\u00e9ation de site, mots cl\u00e9s ou strat\u00e9gie digitale... ils ont fait confiance \u00e0 Digicrac et nous les en remercions !\",\"breadcrumb\":{\"@id\":\"https:\\\/\\\/digicrac.com\\\/fr\\\/temoignages-digicrac\\\/#breadcrumb\"},\"inLanguage\":\"fr-FR\",\"potentialAction\":[{\"@type\":\"ReadAction\",\"target\":[\"https:\\\/\\\/digicrac.com\\\/fr\\\/temoignages-digicrac\\\/\"]}]},{\"@type\":\"BreadcrumbList\",\"@id\":\"https:\\\/\\\/digicrac.com\\\/fr\\\/temoignages-digicrac\\\/#breadcrumb\",\"itemListElement\":[{\"@type\":\"ListItem\",\"position\":1,\"name\":\"Home\",\"item\":\"https:\\\/\\\/digicrac.com\\\/fr\\\/\"},{\"@type\":\"ListItem\",\"position\":2,\"name\":\"1 &#8211; Notre agence &#8211; T\u00e9moignages\"}]},{\"@type\":\"WebSite\",\"@id\":\"https:\\\/\\\/digicrac.com\\\/fr\\\/#website\",\"url\":\"https:\\\/\\\/digicrac.com\\\/fr\\\/\",\"name\":\"DIGICRAC\",\"description\":\"Agence de marketing digital\",\"publisher\":{\"@id\":\"https:\\\/\\\/digicrac.com\\\/fr\\\/#organization\"},\"potentialAction\":[{\"@type\":\"SearchAction\",\"target\":{\"@type\":\"EntryPoint\",\"urlTemplate\":\"https:\\\/\\\/digicrac.com\\\/fr\\\/?s={search_term_string}\"},\"query-input\":{\"@type\":\"PropertyValueSpecification\",\"valueRequired\":true,\"valueName\":\"search_term_string\"}}],\"inLanguage\":\"fr-FR\"},{\"@type\":\"Organization\",\"@id\":\"https:\\\/\\\/digicrac.com\\\/fr\\\/#organization\",\"name\":\"DIGICRAC\",\"url\":\"https:\\\/\\\/digicrac.com\\\/fr\\\/\",\"logo\":{\"@type\":\"ImageObject\",\"inLanguage\":\"fr-FR\",\"@id\":\"https:\\\/\\\/digicrac.com\\\/fr\\\/#\\\/schema\\\/logo\\\/image\\\/\",\"url\":\"https:\\\/\\\/digicrac.com\\\/wp-content\\\/uploads\\\/LINKEDIN-LOGO-DIGICRAC-2018-BLANCO.jpg\",\"contentUrl\":\"https:\\\/\\\/digicrac.com\\\/wp-content\\\/uploads\\\/LINKEDIN-LOGO-DIGICRAC-2018-BLANCO.jpg\",\"width\":400,\"height\":400,\"caption\":\"DIGICRAC\"},\"image\":{\"@id\":\"https:\\\/\\\/digicrac.com\\\/fr\\\/#\\\/schema\\\/logo\\\/image\\\/\"}}]}<\/script>\n<!-- \/ Yoast SEO plugin. -->","yoast_head_json":{"title":"T\u00e9moignages de clients Digicrac en SEO, mots cl\u00e9s, strat\u00e9gie, formation...","description":"T\u00e9moignages clients : SEO, formation, cr\u00e9ation de site, mots cl\u00e9s ou strat\u00e9gie digitale... ils ont fait confiance \u00e0 Digicrac et nous les en remercions !","robots":{"index":"index","follow":"follow","max-snippet":"max-snippet:-1","max-image-preview":"max-image-preview:large","max-video-preview":"max-video-preview:-1"},"canonical":"https:\/\/digicrac.com\/fr\/temoignages-digicrac\/","og_locale":"fr_FR","og_type":"article","og_title":"T\u00e9moignages de clients Digicrac en SEO, mots cl\u00e9s, strat\u00e9gie, formation...","og_description":"T\u00e9moignages clients : SEO, formation, cr\u00e9ation de site, mots cl\u00e9s ou strat\u00e9gie digitale... ils ont fait confiance \u00e0 Digicrac et nous les en remercions !","og_url":"https:\/\/digicrac.com\/fr\/temoignages-digicrac\/","og_site_name":"DIGICRAC","article_modified_time":"2019-06-25T14:21:55+00:00","twitter_card":"summary_large_image","schema":{"@context":"https:\/\/schema.org","@graph":[{"@type":"WebPage","@id":"https:\/\/digicrac.com\/fr\/temoignages-digicrac\/","url":"https:\/\/digicrac.com\/fr\/temoignages-digicrac\/","name":"T\u00e9moignages de clients Digicrac en SEO, mots cl\u00e9s, strat\u00e9gie, formation...","isPartOf":{"@id":"https:\/\/digicrac.com\/fr\/#website"},"datePublished":"2017-08-17T22:11:10+00:00","dateModified":"2019-06-25T14:21:55+00:00","description":"T\u00e9moignages clients : SEO, formation, cr\u00e9ation de site, mots cl\u00e9s ou strat\u00e9gie digitale... ils ont fait confiance \u00e0 Digicrac et nous les en remercions !","breadcrumb":{"@id":"https:\/\/digicrac.com\/fr\/temoignages-digicrac\/#breadcrumb"},"inLanguage":"fr-FR","potentialAction":[{"@type":"ReadAction","target":["https:\/\/digicrac.com\/fr\/temoignages-digicrac\/"]}]},{"@type":"BreadcrumbList","@id":"https:\/\/digicrac.com\/fr\/temoignages-digicrac\/#breadcrumb","itemListElement":[{"@type":"ListItem","position":1,"name":"Home","item":"https:\/\/digicrac.com\/fr\/"},{"@type":"ListItem","position":2,"name":"1 &#8211; Notre agence &#8211; T\u00e9moignages"}]},{"@type":"WebSite","@id":"https:\/\/digicrac.com\/fr\/#website","url":"https:\/\/digicrac.com\/fr\/","name":"DIGICRAC","description":"Agence de marketing digital","publisher":{"@id":"https:\/\/digicrac.com\/fr\/#organization"},"potentialAction":[{"@type":"SearchAction","target":{"@type":"EntryPoint","urlTemplate":"https:\/\/digicrac.com\/fr\/?s={search_term_string}"},"query-input":{"@type":"PropertyValueSpecification","valueRequired":true,"valueName":"search_term_string"}}],"inLanguage":"fr-FR"},{"@type":"Organization","@id":"https:\/\/digicrac.com\/fr\/#organization","name":"DIGICRAC","url":"https:\/\/digicrac.com\/fr\/","logo":{"@type":"ImageObject","inLanguage":"fr-FR","@id":"https:\/\/digicrac.com\/fr\/#\/schema\/logo\/image\/","url":"https:\/\/digicrac.com\/wp-content\/uploads\/LINKEDIN-LOGO-DIGICRAC-2018-BLANCO.jpg","contentUrl":"https:\/\/digicrac.com\/wp-content\/uploads\/LINKEDIN-LOGO-DIGICRAC-2018-BLANCO.jpg","width":400,"height":400,"caption":"DIGICRAC"},"image":{"@id":"https:\/\/digicrac.com\/fr\/#\/schema\/logo\/image\/"}}]}},"_links":{"self":[{"href":"https:\/\/digicrac.com\/fr\/wp-json\/wp\/v2\/pages\/2062","targetHints":{"allow":["GET"]}}],"collection":[{"href":"https:\/\/digicrac.com\/fr\/wp-json\/wp\/v2\/pages"}],"about":[{"href":"https:\/\/digicrac.com\/fr\/wp-json\/wp\/v2\/types\/page"}],"author":[{"embeddable":true,"href":"https:\/\/digicrac.com\/fr\/wp-json\/wp\/v2\/users\/5"}],"replies":[{"embeddable":true,"href":"https:\/\/digicrac.com\/fr\/wp-json\/wp\/v2\/comments?post=2062"}],"version-history":[{"count":0,"href":"https:\/\/digicrac.com\/fr\/wp-json\/wp\/v2\/pages\/2062\/revisions"}],"wp:attachment":[{"href":"https:\/\/digicrac.com\/fr\/wp-json\/wp\/v2\/media?parent=2062"}],"curies":[{"name":"wp","href":"https:\/\/api.w.org\/{rel}","templated":true}]}}