{"id":2412,"date":"2018-01-30T14:52:02","date_gmt":"2018-01-30T14:52:02","guid":{"rendered":"http:\/\/digicrac.com\/mentions-legales\/"},"modified":"2023-06-15T15:46:59","modified_gmt":"2023-06-15T15:46:59","slug":"aviso-legal","status":"publish","type":"page","link":"https:\/\/digicrac.com\/es\/aviso-legal\/","title":{"rendered":"Aviso legal y pol\u00edtica de cookies"},"content":{"rendered":"<div id=\"dslc-theme-content\"><div id=\"dslc-theme-content-inner\"><section id=\"page\" class=\"wrapper\">\n<section id=\"full-width-content\">\n<article id=\"post-2313\">\n<h2><strong>Aviso legal y pol\u00edtica de cookies<\/strong><\/h2>\n<h2><strong>Pol\u00edtica de Cookies<\/strong><\/h2>\n<h4>\u00bfQu\u00e9 son las cookies?<\/h4>\n<p>Cookie es un fichero que se descarga en su ordenador al acceder a determinadas p\u00e1ginas web. Las cookies permiten a una p\u00e1gina web, entre otras cosas, almacenar y recuperar informaci\u00f3n sobre los h\u00e1bitos de navegaci\u00f3n de un usuario o de su equipo y, dependiendo de la informaci\u00f3n que contengan y de la forma en que utilice su equipo, pueden utilizarse para reconocer al usuario. El navegador del usuario memoriza cookies en el disco duro solamente durante la sesi\u00f3n actual ocupando un espacio de memoria m\u00ednimo y no perjudicando al ordenador. Las cookies no contienen ninguna clase de informaci\u00f3n personal espec\u00edfica, y la mayor\u00eda de las mismas se borran del disco duro al finalizar la sesi\u00f3n de navegador (las denominadas cookies de sesi\u00f3n). La mayor\u00eda de los navegadores aceptan como est\u00e1ndar a las cookies y, con independencia de las mismas, permiten o impiden en los ajustes de seguridad las cookies temporales o memorizadas.<\/p>\n<h4>\u00bfQu\u00e9 tipos de cookies utiliza esta p\u00e1gina web?<\/h4>\n<ul>\n<li><strong>Cookies t\u00e9cnicas<\/strong>: Son aqu\u00e9llas que permiten al usuario la navegaci\u00f3n a trav\u00e9s de una p\u00e1gina web, plataforma o aplicaci\u00f3n y la utilizaci\u00f3n de las diferentes opciones o servicios que en ella existan como, por ejemplo, controlar el tr\u00e1fico y la comunicaci\u00f3n de datos, identificar la sesi\u00f3n, acceder a partes de acceso restringido, recordar los elementos que integran un pedido, realizar el proceso de compra de un pedido, realizar la solicitud de inscripci\u00f3n o participaci\u00f3n en un evento, utilizar elementos de seguridad durante la navegaci\u00f3n, almacenar contenidos para la difusi\u00f3n de videos o sonido o compartir contenidos a trav\u00e9s de redes sociales.<\/li>\n<li><strong>Cookies de personalizaci\u00f3n<\/strong>: Son aqu\u00e9llas que permiten al usuario acceder al servicio con algunas caracter\u00edsticas de car\u00e1cter general predefinidas en funci\u00f3n de una serie de criterios en el terminal del usuario como por ejemplo serian el idioma, el tipo de navegador a trav\u00e9s del cual accede al servicio, la configuraci\u00f3n regional desde donde accede al servicio, etc.<\/li>\n<li><strong>Cookies de an\u00e1lisis<\/strong>: Son aqu\u00e9llas que bien tratadas por nosotros o por terceros, nos permiten cuantificar el n\u00famero de usuarios y as\u00ed realizar la medici\u00f3n y an\u00e1lisis estad\u00edstico de la utilizaci\u00f3n que hacen los usuarios del servicio ofertado. Para ello se analiza su navegaci\u00f3n en nuestra p\u00e1gina web con el fin de mejorar la oferta de productos o servicios que le ofrecemos.<\/li>\n<li><strong>Cookies de sesi\u00f3n<\/strong>: Las cookies de sesi\u00f3n son aquellas que existen s\u00f3lo mientras el usuario navega por la web y se eliminan al final.<\/li>\n<\/ul>\n<p>El Usuario acepta expresamente, por la utilizaci\u00f3n de este Site, el tratamiento de la informaci\u00f3n recabada en la forma y con los fines anteriormente mencionados. Y asimismo reconoce conocer la posibilidad de rechazar el tratamiento de tales datos o informaci\u00f3n rechazando el uso de Cookies mediante la selecci\u00f3n de la configuraci\u00f3n apropiada a tal fin en su navegador. Si bien esta opci\u00f3n de bloqueo de Cookies en su navegador puede no permitirle el uso pleno de todas las funcionalidades del Website.<\/p>\n<p>Puede usted permitir, bloquear o eliminar las cookies instaladas en su equipo mediante la configuraci\u00f3n de las opciones del navegador instalado en su ordenador:<\/p>\n<ul>\n<li><strong>Internet Explorer:<\/strong>\u00a0Herramientas &gt; Opciones de Internet &gt; Privacidad<\/li>\n<li><strong>Firefox:<\/strong>\u00a0Herramientas &gt; Opciones &gt; Privacidad &gt; Historial &gt; Ajustes personalizados<\/li>\n<li><strong>Chrome:<\/strong>\u00a0Configuraci\u00f3n &gt; Mostrar configuraci\u00f3n avanzada &gt; Privacidad &gt; Configuraci\u00f3n de contenido<\/li>\n<li><strong>Safari:<\/strong>\u00a0Preferencias &gt; Seguridad<\/li>\n<li><strong>Opera:<\/strong>\u00a0Configuraci\u00f3n<\/li>\n<\/ul>\n<p>Si tiene dudas sobre esta pol\u00edtica de cookies, puede contactar con nosotros:\u00a0<strong><a href=\"mailto:contact@digicrac.com\">contacto@digicrac.com<\/a><\/strong><\/p>\n<h2><strong>Condiciones generales de uso y pol\u00edtica de privacidad<\/strong><\/h2>\n<ol>\n<li><strong>Titular<br \/>\n<\/strong>El\u00a0<strong>Titular<\/strong>\u00a0del dominio web es\u00a0<strong>Digicrac SAS<\/strong>, con domicilio a estos efectos en la Calle Verdaguer, 25. 17220 Sant Feliu de Gu\u00edxols (Girona). N.I.F. 24090127L. Correo electr\u00f3nico de contacto:\u00a0<strong><a href=\"mailto:contact@digicrac.com\">contacto@digicrac.com<\/a><\/strong><\/li>\n<li><strong>Usuarios<br \/>\n<\/strong>El acceso y\/o uso de este portal atribuye la condici\u00f3n de\u00a0<strong>Usuario<\/strong>, que acepta, desde dicho acceso y\/o uso, las Condiciones Generales de Uso aqu\u00ed reflejadas. Las citadas Condiciones ser\u00e1n de aplicaci\u00f3n independientemente de las Condiciones Generales de Contrataci\u00f3n que en su caso resulten de obligado cumplimiento.<\/li>\n<li><strong>Uso del portal<br \/>\n<\/strong>Esta web proporciona el acceso a multitud de informaciones, servicios, programas o datos (en adelante, \u201clos contenidos\u201d) en Internet pertenecientes al\u00a0<strong>Titular<\/strong>. El\u00a0<strong>Usuario<\/strong>\u00a0asume la responsabilidad del uso del portal. Dicha responsabilidad se extiende al registro que fuese necesario para acceder a determinados servicios o contenidos. En dicho registro el\u00a0<strong>Usuario<\/strong>\u00a0ser\u00e1 responsable de aportar informaci\u00f3n veraz y l\u00edcita. El\u00a0<strong>Usuario<\/strong>\u00a0se compromete a hacer un uso adecuado de los contenidos y servicios que el\u00a0<strong>Titular<\/strong>\u00a0ofrece a trav\u00e9s de su portal y con car\u00e1cter enunciativo pero no limitativo, a no emplearlos para\u00a0<strong>(I)<\/strong>\u00a0Incurrir en actividades il\u00edcitas, ilegales o contrarias a la buena fe y al orden p\u00fablico;\u00a0<strong>(II)<\/strong>\u00a0Difundir contenidos o propaganda de car\u00e1cter racista, xen\u00f3fobo, pornogr\u00e1fico-ilegal, de apolog\u00eda del terrorismo o atentatorio contra los derechos humanos;\u00a0<strong>(III)<\/strong>\u00a0Provocar da\u00f1os en los sistemas f\u00edsicos y l\u00f3gicos del\u00a0<strong>Titular<\/strong>\u00a0de la web, de sus proveedores o de terceras personas, introducir o difundir en la red virus inform\u00e1ticos o cualesquiera otros sistemas f\u00edsicos o l\u00f3gicos que sean susceptibles de provocar los da\u00f1os anteriormente mencionados;\u00a0<strong>(IV)<\/strong>\u00a0Intentar acceder y, en su caso, utilizar las cuentas de correo electr\u00f3nico de otros usuarios y modificar o manipular sus mensajes. El\u00a0<strong>Titular<\/strong>\u00a0del sitio web se reserva el derecho de retirar todos aquellos comentarios y aportaciones que vulneren el respeto a la dignidad de la persona, que sean discriminatorios, xen\u00f3fobos, racistas, pornogr\u00e1ficos, que atenten contra la juventud o la infancia, el orden o la seguridad p\u00fablica o que, a su juicio, no resultaran adecuados para su publicaci\u00f3n. En cualquier caso, el\u00a0<strong>Titular<\/strong>\u00a0del sitio web no ser\u00e1 responsable de las opiniones vertidas por los usuarios a trav\u00e9s de los foros, chats, u otras herramientas de participaci\u00f3n.<\/li>\n<li><strong>Protecci\u00f3n de datos<br \/>\n<\/strong>El\u00a0<strong>Titular<\/strong>\u00a0del sitio web cumple con las directrices de la Ley Org\u00e1nica 15\/1999 de 13 de diciembre de Protecci\u00f3n de Datos de Car\u00e1cter Personal, el Real Decreto 1720\/2007 de 21 de diciembre por el que se aprueba el Reglamento de desarrollo de la Ley Org\u00e1nica y dem\u00e1s normativa vigente en cada momento, y vela por garantizar un correcto uso y tratamiento de los datos personales del usuario. Para ello, junto a cada formulario de recabo de datos de car\u00e1cter personal, en los servicios que el usuario pueda solicitar al\u00a0<strong>Titular<\/strong>\u00a0del sitio web, har\u00e1 saber al usuario de la existencia y aceptaci\u00f3n de las condiciones particulares del tratamiento de sus datos en cada caso, inform\u00e1ndole de la responsabilidad del fichero creado, la direcci\u00f3n del responsable, la posibilidad de ejercer sus derechos de acceso, rectificaci\u00f3n, cancelaci\u00f3n u oposici\u00f3n, la finalidad del tratamiento y las comunicaciones de datos a terceros en su caso. Asimismo, el\u00a0<strong>Titular<\/strong>\u00a0del sitio web informa que da cumplimiento a la Ley 34\/2002 de 11 de julio, de Servicios de la Sociedad de la Informaci\u00f3n y el Comercio Electr\u00f3nico y le solicitar\u00e1 su consentimiento al tratamiento de su correo electr\u00f3nico con fines comerciales en cada momento.<\/li>\n<li><strong>Propiedad Intelectual e Industrial<br \/>\n<\/strong>El\u00a0<strong>Titular<\/strong>\u00a0del sitio web por s\u00ed o como cesionario, es titular de todos los derechos de propiedad intelectual e industrial de su p\u00e1gina web, as\u00ed como de los elementos contenidos en la misma (a t\u00edtulo enunciativo, im\u00e1genes, sonido, audio, v\u00eddeo, software o textos; marcas o logotipos, combinaciones de colores, estructura y dise\u00f1o, selecci\u00f3n de materiales usados, programas de ordenador necesarios para su funcionamiento, acceso y uso, etc.), titularidad del\u00a0<strong>Titular<\/strong>\u00a0del sitio web o bien de sus licenciantes. Todos los derechos reservados. En virtud de lo dispuesto en los art\u00edculos 8 y 32.1, p\u00e1rrafo segundo, de la Ley de Propiedad Intelectual, quedan expresamente prohibidas la reproducci\u00f3n, la distribuci\u00f3n y la comunicaci\u00f3n p\u00fablica, incluida su modalidad de puesta a disposici\u00f3n, de la totalidad o parte de los contenidos de esta p\u00e1gina web, con fines comerciales, en cualquier soporte y por cualquier medio t\u00e9cnico, sin la autorizaci\u00f3n del\u00a0<strong>Titular<\/strong>\u00a0del sitio web. El\u00a0<strong>Usuario<\/strong>\u00a0se compromete a respetar los derechos de Propiedad Intelectual e Industrial titularidad del\u00a0<strong>Titular<\/strong>\u00a0del sitio web. Podr\u00e1 visualizar los elementos del portal e incluso imprimirlos, copiarlos y almacenarlos en el disco duro de su ordenador o en cualquier otro soporte f\u00edsico siempre y cuando sea, \u00fanica y exclusivamente, para su uso personal y privado. El\u00a0<strong>Usuario<\/strong>\u00a0deber\u00e1 abstenerse de suprimir, alterar, eludir o manipular cualquier dispositivo de protecci\u00f3n o sistema de seguridad que estuviera instalado en el las p\u00e1ginas del\u00a0<strong>Titular<\/strong>\u00a0del sitio web.<\/li>\n<li><strong>Exclusi\u00f3n de garant\u00edas y responsabilidad<br \/>\n<\/strong>El\u00a0<strong>Titular<\/strong>\u00a0del sitio web no se hace responsable, en ning\u00fan caso, de los da\u00f1os y perjuicios de cualquier naturaleza que pudieran ocasionar, a t\u00edtulo enunciativo: errores u omisiones en los contenidos, falta de disponibilidad del portal o la transmisi\u00f3n de virus o programas maliciosos o lesivos en los contenidos, a pesar de haber adoptado todas las medidas tecnol\u00f3gicas necesarias para evitarlo.<\/li>\n<li><strong>Modificaciones<br \/>\n<\/strong>El\u00a0<strong>Titular<\/strong>\u00a0del sitio web se reserva el derecho de efectuar sin previo aviso las modificaciones que considere oportunas en su portal, pudiendo cambiar, suprimir o a\u00f1adir tanto los contenidos y servicios que se presten a trav\u00e9s de la misma como la forma en la que \u00e9stos aparezcan presentados o localizados en su portal.<\/li>\n<li><strong>Enlaces<br \/>\n<\/strong>En el caso de que en la web se dispusiesen enlaces o hiperv\u00ednculos hac\u00eda otros sitios de Internet, el\u00a0<strong>Titular<\/strong>\u00a0del sitio web no ejercer\u00e1 ning\u00fan tipo de control sobre dichos sitios y contenidos. En ning\u00fan caso el\u00a0<strong>Titular<\/strong>\u00a0del sitio web asumir\u00e1 responsabilidad alguna por los contenidos de alg\u00fan enlace perteneciente a un sitio web ajeno, ni garantizar\u00e1 la disponibilidad t\u00e9cnica, calidad, fiabilidad, exactitud, amplitud, veracidad, validez y constitucionalidad de cualquier material o informaci\u00f3n contenida en ninguno de dichos hiperv\u00ednculos u otros sitios de Internet. Igualmente la inclusi\u00f3n de estas conexiones externas no implicar\u00e1 ning\u00fan tipo de asociaci\u00f3n, fusi\u00f3n o participaci\u00f3n con las entidades conectadas.<\/li>\n<li><strong>Derecho de exclusi\u00f3n<br \/>\n<\/strong>El\u00a0<strong>Titular<\/strong>\u00a0del sitio web se reserva el derecho a denegar o retirar el acceso a portal y\/o los servicios ofrecidos sin necesidad de preaviso, a instancia propia o de un tercero, a aquellos usuarios que incumplan las presentes Condiciones Generales de Uso.<\/li>\n<li><strong>Generalidades<br \/>\n<\/strong>El\u00a0<strong>Titular<\/strong>\u00a0del sitio web perseguir\u00e1 el incumplimiento de las presentes condiciones as\u00ed como cualquier utilizaci\u00f3n indebida de su portal ejerciendo todas las acciones civiles y penales que le puedan corresponder en derecho.<\/li>\n<li><strong>Modificaci\u00f3n de las presentes condiciones y duraci\u00f3n<br \/>\n<\/strong>El\u00a0<strong>Titular<\/strong>\u00a0del sitio web podr\u00e1 modificar en cualquier momento las condiciones aqu\u00ed determinadas, siendo debidamente publicadas como aqu\u00ed aparecen. La vigencia de las citadas condiciones ir\u00e1 en funci\u00f3n de su exposici\u00f3n y estar\u00e1n vigentes hasta que sean modificadas por otras debidamente publicadas.<\/li>\n<li><strong>Legislaci\u00f3n aplicable y jurisdicci\u00f3n<br \/>\n<\/strong>La relaci\u00f3n entre el\u00a0<strong>Titular<\/strong>\u00a0del sitio web y el\u00a0<strong>Usuario<\/strong>\u00a0se regir\u00e1 por la normativa francesa vigente y cualquier controversia se someter\u00e1 a los Juzgados y tribunales.<\/li>\n<\/ol>\n<\/article>\n<\/section>\n<\/section>\n<\/div><\/div>","protected":false},"excerpt":{"rendered":"<p>Aviso legal y pol\u00edtica de cookies Pol\u00edtica de Cookies \u00bfQu\u00e9 son las cookies? Cookie es un fichero que se descarga en su ordenador al acceder a determinadas p\u00e1ginas web. Las cookies permiten a una p\u00e1gina web, entre otras cosas, almacenar y recuperar informaci\u00f3n sobre los h\u00e1bitos de navegaci\u00f3n de un usuario o de su equipo [&hellip;]<\/p>\n","protected":false},"author":5,"featured_media":0,"parent":0,"menu_order":0,"comment_status":"closed","ping_status":"closed","template":"","meta":{"_acf_changed":false,"footnotes":""},"class_list":["post-2412","page","type-page","status-publish","hentry"],"acf":[],"yoast_head":"<!-- This site is optimized with the Yoast SEO plugin v27.6 - https:\/\/yoast.com\/product\/yoast-seo-wordpress\/ -->\n<title>Aviso legal y pol\u00edtica de cookies - DIGICRAC<\/title>\n<meta name=\"description\" content=\"Aviso legal y pol\u00edtica de cookies\" \/>\n<meta name=\"robots\" content=\"index, follow, max-snippet:-1, max-image-preview:large, max-video-preview:-1\" \/>\n<link rel=\"canonical\" href=\"https:\/\/digicrac.com\/es\/aviso-legal\/\" \/>\n<meta property=\"og:locale\" content=\"es_ES\" \/>\n<meta property=\"og:type\" content=\"article\" \/>\n<meta property=\"og:title\" content=\"Aviso legal y pol\u00edtica de cookies - DIGICRAC\" \/>\n<meta property=\"og:description\" content=\"Aviso legal y pol\u00edtica de cookies\" \/>\n<meta property=\"og:url\" content=\"https:\/\/digicrac.com\/es\/aviso-legal\/\" \/>\n<meta property=\"og:site_name\" content=\"DIGICRAC\" \/>\n<meta property=\"article:modified_time\" content=\"2023-06-15T15:46:59+00:00\" \/>\n<meta name=\"twitter:card\" content=\"summary_large_image\" \/>\n<meta name=\"twitter:label1\" content=\"Tiempo de lectura\" \/>\n\t<meta name=\"twitter:data1\" content=\"8 minutos\" \/>\n<script type=\"application\/ld+json\" class=\"yoast-schema-graph\">{\"@context\":\"https:\\\/\\\/schema.org\",\"@graph\":[{\"@type\":\"WebPage\",\"@id\":\"https:\\\/\\\/digicrac.com\\\/es\\\/aviso-legal\\\/\",\"url\":\"https:\\\/\\\/digicrac.com\\\/es\\\/aviso-legal\\\/\",\"name\":\"Aviso legal y pol\u00edtica de cookies - DIGICRAC\",\"isPartOf\":{\"@id\":\"https:\\\/\\\/digicrac.com\\\/es\\\/#website\"},\"datePublished\":\"2018-01-30T14:52:02+00:00\",\"dateModified\":\"2023-06-15T15:46:59+00:00\",\"description\":\"Aviso legal y pol\u00edtica de cookies\",\"breadcrumb\":{\"@id\":\"https:\\\/\\\/digicrac.com\\\/es\\\/aviso-legal\\\/#breadcrumb\"},\"inLanguage\":\"es\",\"potentialAction\":[{\"@type\":\"ReadAction\",\"target\":[\"https:\\\/\\\/digicrac.com\\\/es\\\/aviso-legal\\\/\"]}]},{\"@type\":\"BreadcrumbList\",\"@id\":\"https:\\\/\\\/digicrac.com\\\/es\\\/aviso-legal\\\/#breadcrumb\",\"itemListElement\":[{\"@type\":\"ListItem\",\"position\":1,\"name\":\"Home\",\"item\":\"https:\\\/\\\/digicrac.com\\\/es\\\/0-home-page\\\/\"},{\"@type\":\"ListItem\",\"position\":2,\"name\":\"Aviso legal y pol\u00edtica de cookies\"}]},{\"@type\":\"WebSite\",\"@id\":\"https:\\\/\\\/digicrac.com\\\/es\\\/#website\",\"url\":\"https:\\\/\\\/digicrac.com\\\/es\\\/\",\"name\":\"DIGICRAC\",\"description\":\"Agence de marketing digital\",\"publisher\":{\"@id\":\"https:\\\/\\\/digicrac.com\\\/es\\\/#organization\"},\"potentialAction\":[{\"@type\":\"SearchAction\",\"target\":{\"@type\":\"EntryPoint\",\"urlTemplate\":\"https:\\\/\\\/digicrac.com\\\/es\\\/?s={search_term_string}\"},\"query-input\":{\"@type\":\"PropertyValueSpecification\",\"valueRequired\":true,\"valueName\":\"search_term_string\"}}],\"inLanguage\":\"es\"},{\"@type\":\"Organization\",\"@id\":\"https:\\\/\\\/digicrac.com\\\/es\\\/#organization\",\"name\":\"DIGICRAC\",\"url\":\"https:\\\/\\\/digicrac.com\\\/es\\\/\",\"logo\":{\"@type\":\"ImageObject\",\"inLanguage\":\"es\",\"@id\":\"https:\\\/\\\/digicrac.com\\\/es\\\/#\\\/schema\\\/logo\\\/image\\\/\",\"url\":\"https:\\\/\\\/digicrac.com\\\/wp-content\\\/uploads\\\/LINKEDIN-LOGO-DIGICRAC-2018-BLANCO.jpg\",\"contentUrl\":\"https:\\\/\\\/digicrac.com\\\/wp-content\\\/uploads\\\/LINKEDIN-LOGO-DIGICRAC-2018-BLANCO.jpg\",\"width\":400,\"height\":400,\"caption\":\"DIGICRAC\"},\"image\":{\"@id\":\"https:\\\/\\\/digicrac.com\\\/es\\\/#\\\/schema\\\/logo\\\/image\\\/\"}}]}<\/script>\n<!-- \/ Yoast SEO plugin. -->","yoast_head_json":{"title":"Aviso legal y pol\u00edtica de cookies - DIGICRAC","description":"Aviso legal y pol\u00edtica de cookies","robots":{"index":"index","follow":"follow","max-snippet":"max-snippet:-1","max-image-preview":"max-image-preview:large","max-video-preview":"max-video-preview:-1"},"canonical":"https:\/\/digicrac.com\/es\/aviso-legal\/","og_locale":"es_ES","og_type":"article","og_title":"Aviso legal y pol\u00edtica de cookies - DIGICRAC","og_description":"Aviso legal y pol\u00edtica de cookies","og_url":"https:\/\/digicrac.com\/es\/aviso-legal\/","og_site_name":"DIGICRAC","article_modified_time":"2023-06-15T15:46:59+00:00","twitter_card":"summary_large_image","twitter_misc":{"Tiempo de lectura":"8 minutos"},"schema":{"@context":"https:\/\/schema.org","@graph":[{"@type":"WebPage","@id":"https:\/\/digicrac.com\/es\/aviso-legal\/","url":"https:\/\/digicrac.com\/es\/aviso-legal\/","name":"Aviso legal y pol\u00edtica de cookies - DIGICRAC","isPartOf":{"@id":"https:\/\/digicrac.com\/es\/#website"},"datePublished":"2018-01-30T14:52:02+00:00","dateModified":"2023-06-15T15:46:59+00:00","description":"Aviso legal y pol\u00edtica de cookies","breadcrumb":{"@id":"https:\/\/digicrac.com\/es\/aviso-legal\/#breadcrumb"},"inLanguage":"es","potentialAction":[{"@type":"ReadAction","target":["https:\/\/digicrac.com\/es\/aviso-legal\/"]}]},{"@type":"BreadcrumbList","@id":"https:\/\/digicrac.com\/es\/aviso-legal\/#breadcrumb","itemListElement":[{"@type":"ListItem","position":1,"name":"Home","item":"https:\/\/digicrac.com\/es\/0-home-page\/"},{"@type":"ListItem","position":2,"name":"Aviso legal y pol\u00edtica de cookies"}]},{"@type":"WebSite","@id":"https:\/\/digicrac.com\/es\/#website","url":"https:\/\/digicrac.com\/es\/","name":"DIGICRAC","description":"Agence de marketing digital","publisher":{"@id":"https:\/\/digicrac.com\/es\/#organization"},"potentialAction":[{"@type":"SearchAction","target":{"@type":"EntryPoint","urlTemplate":"https:\/\/digicrac.com\/es\/?s={search_term_string}"},"query-input":{"@type":"PropertyValueSpecification","valueRequired":true,"valueName":"search_term_string"}}],"inLanguage":"es"},{"@type":"Organization","@id":"https:\/\/digicrac.com\/es\/#organization","name":"DIGICRAC","url":"https:\/\/digicrac.com\/es\/","logo":{"@type":"ImageObject","inLanguage":"es","@id":"https:\/\/digicrac.com\/es\/#\/schema\/logo\/image\/","url":"https:\/\/digicrac.com\/wp-content\/uploads\/LINKEDIN-LOGO-DIGICRAC-2018-BLANCO.jpg","contentUrl":"https:\/\/digicrac.com\/wp-content\/uploads\/LINKEDIN-LOGO-DIGICRAC-2018-BLANCO.jpg","width":400,"height":400,"caption":"DIGICRAC"},"image":{"@id":"https:\/\/digicrac.com\/es\/#\/schema\/logo\/image\/"}}]}},"_links":{"self":[{"href":"https:\/\/digicrac.com\/es\/wp-json\/wp\/v2\/pages\/2412","targetHints":{"allow":["GET"]}}],"collection":[{"href":"https:\/\/digicrac.com\/es\/wp-json\/wp\/v2\/pages"}],"about":[{"href":"https:\/\/digicrac.com\/es\/wp-json\/wp\/v2\/types\/page"}],"author":[{"embeddable":true,"href":"https:\/\/digicrac.com\/es\/wp-json\/wp\/v2\/users\/5"}],"replies":[{"embeddable":true,"href":"https:\/\/digicrac.com\/es\/wp-json\/wp\/v2\/comments?post=2412"}],"version-history":[{"count":0,"href":"https:\/\/digicrac.com\/es\/wp-json\/wp\/v2\/pages\/2412\/revisions"}],"wp:attachment":[{"href":"https:\/\/digicrac.com\/es\/wp-json\/wp\/v2\/media?parent=2412"}],"curies":[{"name":"wp","href":"https:\/\/api.w.org\/{rel}","templated":true}]}}